{"id":62367,"date":"2025-01-23T15:16:47","date_gmt":"2025-01-23T22:16:47","guid":{"rendered":"https:\/\/henriinvestigations.com\/contactez-nous\/"},"modified":"2025-06-25T10:35:58","modified_gmt":"2025-06-25T17:35:58","slug":"contactez-nous","status":"publish","type":"page","link":"https:\/\/henriinvestigations.com\/fr\/contactez-nous\/","title":{"rendered":"Contactez-nous"},"content":{"rendered":"\t\t<div data-elementor-type=\"wp-page\" data-elementor-id=\"62367\" class=\"elementor elementor-62367 elementor-61493\" data-elementor-post-type=\"page\">\n\t\t\t\t<div class=\"elementor-element elementor-element-eebee3d e-flex e-con-boxed e-con e-parent\" data-id=\"eebee3d\" data-element_type=\"container\" data-settings=\"{&quot;background_background&quot;:&quot;classic&quot;,&quot;jet_parallax_layout_list&quot;:[]}\">\n\t\t\t\t\t<div class=\"e-con-inner\">\n\t\t<div class=\"elementor-element elementor-element-d785582 e-con-full e-flex e-con e-child\" data-id=\"d785582\" data-element_type=\"container\" data-settings=\"{&quot;jet_parallax_layout_list&quot;:[]}\">\n\t\t\t\t<div class=\"elementor-element elementor-element-a0c9ff5 elementor-widget elementor-widget-heading\" data-id=\"a0c9ff5\" data-element_type=\"widget\" data-widget_type=\"heading.default\">\n\t\t\t\t<div class=\"elementor-widget-container\">\n\t\t\t\t\t<h1 class=\"elementor-heading-title elementor-size-default\">Contactez-nous<\/h1>\t\t\t\t<\/div>\n\t\t\t\t<\/div>\n\t\t\t\t<div class=\"elementor-element elementor-element-0890555 elementor-widget elementor-widget-text-editor\" data-id=\"0890555\" data-element_type=\"widget\" data-widget_type=\"text-editor.default\">\n\t\t\t\t<div class=\"elementor-widget-container\">\n\t\t\t\t\t\t\t\t\t<p>Veuillez ne pas transmettre d&rsquo;informations confidentielles dans ce message. Notre \u00e9quipe vous contactera pour planifier un appel t\u00e9l\u00e9phonique ou une r\u00e9union si des informations personnelles ou confidentielles sont n\u00e9cessaires pour vous r\u00e9pondre de mani\u00e8re ad\u00e9quate. <\/p>\t\t\t\t\t\t\t\t<\/div>\n\t\t\t\t<\/div>\n\t\t\t\t<div class=\"elementor-element elementor-element-c081a33 elementor-align-left elementor-icon-list--layout-traditional elementor-list-item-link-full_width elementor-widget elementor-widget-icon-list\" data-id=\"c081a33\" data-element_type=\"widget\" data-widget_type=\"icon-list.default\">\n\t\t\t\t<div class=\"elementor-widget-container\">\n\t\t\t\t\t\t\t<ul class=\"elementor-icon-list-items\">\n\t\t\t\t\t\t\t<li class=\"elementor-icon-list-item\">\n\t\t\t\t\t\t\t\t\t\t\t<a href=\"mailto:henriinvestigations@gmail.com\">\n\n\t\t\t\t\t\t\t\t\t\t\t\t<span class=\"elementor-icon-list-icon\">\n\t\t\t\t\t\t\t<svg xmlns=\"http:\/\/www.w3.org\/2000\/svg\" width=\"30\" height=\"31\" viewBox=\"0 0 30 31\" fill=\"none\"><g id=\"email-svgrepo-com 1\"><g id=\"style=fill\"><g id=\"email\"><path id=\"Subtract\" fill-rule=\"evenodd\" clip-rule=\"evenodd\" d=\"M8.75 4.16809C6.73129 4.16809 4.90581 4.67263 3.58082 5.90297C2.24327 7.14499 1.5625 8.9894 1.5625 11.3556V20.1056C1.5625 22.4718 2.24327 24.3162 3.58082 25.5582C4.90581 26.7886 6.73129 27.2931 8.75 27.2931H21.25C23.2687 27.2931 25.0942 26.7886 26.4191 25.5582C27.7567 24.3162 28.4375 22.4718 28.4375 20.1056V11.3556C28.4375 8.9894 27.7567 7.14499 26.4191 5.90297C25.0942 4.67263 23.2687 4.16809 21.25 4.16809H8.75ZM24.0356 11.1835C24.4452 10.8669 24.5207 10.2781 24.2041 9.86841C23.8876 9.4587 23.2989 9.38322 22.8891 9.6998L15.9552 15.0576C15.3926 15.4925 14.6072 15.4925 14.0445 15.0576L7.11075 9.6998C6.70104 9.38322 6.11227 9.4587 5.79569 9.86841C5.4791 10.2781 5.55459 10.8669 5.9643 11.1835L12.8981 16.5413C14.1361 17.4978 15.8637 17.4978 17.1017 16.5413L24.0356 11.1835Z\" fill=\"#2A3E60\"><\/path><\/g><\/g><\/g><\/svg>\t\t\t\t\t\t<\/span>\n\t\t\t\t\t\t\t\t\t\t<span class=\"elementor-icon-list-text\">henriinvestigations@gmail.com<\/span>\n\t\t\t\t\t\t\t\t\t\t\t<\/a>\n\t\t\t\t\t\t\t\t\t<\/li>\n\t\t\t\t\t\t\t\t<li class=\"elementor-icon-list-item\">\n\t\t\t\t\t\t\t\t\t\t\t<a href=\"tel:613-224-4228\">\n\n\t\t\t\t\t\t\t\t\t\t\t\t<span class=\"elementor-icon-list-icon\">\n\t\t\t\t\t\t\t<svg xmlns=\"http:\/\/www.w3.org\/2000\/svg\" width=\"30\" height=\"31\" viewBox=\"0 0 30 31\" fill=\"none\"><g id=\"phone-calling-svgrepo-com 1\"><path id=\"Vector\" d=\"M19.4452 18.9152L18.8759 19.5146C18.8759 19.5146 17.5226 20.9393 13.8289 17.0505C10.1351 13.1616 11.4884 11.7369 11.4884 11.7369L11.8469 11.3595C12.7301 10.4296 12.8134 8.9368 12.0428 7.84697L10.4666 5.6176C9.51285 4.26872 7.66995 4.09053 6.57681 5.24139L4.61481 7.30702C4.07279 7.87767 3.70956 8.6174 3.75361 9.43802C3.8663 11.5374 4.76339 16.0543 9.7692 21.3246C15.0776 26.9133 20.0585 27.1355 22.0954 26.9345C22.7396 26.8708 23.2999 26.5235 23.7514 26.0481L25.5271 24.1786C26.7257 22.9167 26.3877 20.7533 24.8541 19.8706L22.466 18.496C21.459 17.9163 20.2322 18.0866 19.4452 18.9152Z\" fill=\"#2A3E60\"><\/path><path id=\"Vector_2\" d=\"M16.5744 3.08038C16.6571 2.56927 17.1402 2.22256 17.6514 2.30529C17.683 2.31136 17.7849 2.33038 17.8381 2.34226C17.9449 2.36602 18.0936 2.40258 18.2791 2.45662C18.6501 2.56467 19.1684 2.74268 19.7904 3.02784C21.0357 3.59879 22.693 4.59754 24.4127 6.31729C26.1325 8.03704 27.1312 9.6943 27.7021 10.9397C27.9874 11.5617 28.1654 12.0799 28.2734 12.4509C28.3274 12.6364 28.364 12.7852 28.3877 12.8919C28.3996 12.9452 28.4084 12.988 28.4144 13.0197L28.4216 13.0587C28.5042 13.5697 28.1607 14.073 27.6496 14.1557C27.14 14.2382 26.6599 13.8931 26.5751 13.3845C26.5725 13.3707 26.5652 13.3341 26.5576 13.2995C26.5421 13.2302 26.5155 13.1204 26.4732 12.9752C26.3886 12.6848 26.2417 12.2532 25.9977 11.7211C25.5105 10.6582 24.6342 9.19046 23.0869 7.64312C21.5396 6.09579 20.0719 5.21956 19.009 4.73227C18.4769 4.48832 18.0452 4.34141 17.7547 4.25681C17.6096 4.21452 17.4271 4.17263 17.3579 4.15722C16.8491 4.07243 16.4919 3.59003 16.5744 3.08038Z\" fill=\"#2A3E60\"><\/path><path id=\"Vector_3\" fill-rule=\"evenodd\" clip-rule=\"evenodd\" d=\"M16.8566 7.39223C16.9989 6.89438 17.5177 6.60611 18.0156 6.74835L17.7581 7.64978C18.0156 6.74835 18.0156 6.74835 18.0156 6.74835L18.0175 6.74887L18.0194 6.74942L18.0235 6.75063L18.0332 6.75353L18.058 6.76123C18.0767 6.76726 18.1004 6.77511 18.1284 6.78507C18.1845 6.805 18.2587 6.83332 18.3497 6.87232C18.5319 6.95037 18.7806 7.0709 19.0864 7.25178C19.6981 7.61388 20.5334 8.21536 21.5146 9.19657C22.4959 10.1778 23.0972 11.013 23.4594 11.6249C23.6402 11.9305 23.7607 12.1793 23.8389 12.3614C23.8779 12.4524 23.9062 12.5266 23.9261 12.5828C23.9361 12.6108 23.9439 12.6344 23.95 12.6532L23.9576 12.678L23.9605 12.6876L23.9617 12.6918L23.9622 12.6937C23.9622 12.6937 23.9629 12.6955 23.0614 12.9531L23.9629 12.6955C24.1051 13.1934 23.8167 13.7122 23.319 13.8545C22.8254 13.9955 22.311 13.7134 22.1636 13.2233L22.159 13.2098C22.1524 13.191 22.1386 13.154 22.1155 13.1C22.0692 12.9921 21.9854 12.8156 21.8459 12.5798C21.5671 12.1089 21.0637 11.3973 20.1887 10.5224C19.3139 9.64746 18.6022 9.14408 18.1314 8.86537C17.8956 8.72585 17.7191 8.64197 17.6111 8.59572C17.5571 8.57258 17.5201 8.55878 17.5014 8.55212L17.4879 8.54751C16.9979 8.40016 16.7156 7.88585 16.8566 7.39223Z\" fill=\"#2A3E60\"><\/path><\/g><\/svg>\t\t\t\t\t\t<\/span>\n\t\t\t\t\t\t\t\t\t\t<span class=\"elementor-icon-list-text\">613-224-4228<\/span>\n\t\t\t\t\t\t\t\t\t\t\t<\/a>\n\t\t\t\t\t\t\t\t\t<\/li>\n\t\t\t\t\t\t\t\t<li class=\"elementor-icon-list-item\">\n\t\t\t\t\t\t\t\t\t\t\t<a href=\"https:\/\/maps.app.goo.gl\/6MzZ5Qd3Qq7zxUXx9\">\n\n\t\t\t\t\t\t\t\t\t\t\t\t<span class=\"elementor-icon-list-icon\">\n\t\t\t\t\t\t\t<svg xmlns=\"http:\/\/www.w3.org\/2000\/svg\" width=\"30\" height=\"31\" viewBox=\"0 0 30 31\" fill=\"none\"><g id=\"location-pin-svgrepo-com 1\" clip-path=\"url(#clip0_122_1138)\"><path id=\"Vector\" d=\"M15 0.730591C8.78719 0.730591 3.75 5.76778 3.75 11.9806C3.75 14.427 4.55203 16.6718 5.88516 18.5103C5.90906 18.5543 5.91281 18.6036 5.94 18.6457L13.44 29.8957C13.7878 30.4175 14.3737 30.7306 15 30.7306C15.6263 30.7306 16.2122 30.4175 16.56 29.8957L24.06 18.6457C24.0877 18.6036 24.0909 18.5543 24.1148 18.5103C25.448 16.6718 26.25 14.427 26.25 11.9806C26.25 5.76778 21.2128 0.730591 15 0.730591ZM15 15.7306C12.9291 15.7306 11.25 14.0515 11.25 11.9806C11.25 9.90965 12.9291 8.23059 15 8.23059C17.0709 8.23059 18.75 9.90965 18.75 11.9806C18.75 14.0515 17.0709 15.7306 15 15.7306Z\" fill=\"#2A3E60\"><\/path><\/g><defs><clipPath id=\"clip0_122_1138\"><rect width=\"30\" height=\"30\" fill=\"white\" transform=\"translate(0 0.730591)\"><\/rect><\/clipPath><\/defs><\/svg>\t\t\t\t\t\t<\/span>\n\t\t\t\t\t\t\t\t\t\t<span class=\"elementor-icon-list-text\">86, promenade Centrepointe<br> Ottawa (Ontario) K2G 6B1<\/span>\n\t\t\t\t\t\t\t\t\t\t\t<\/a>\n\t\t\t\t\t\t\t\t\t<\/li>\n\t\t\t\t\t\t<\/ul>\n\t\t\t\t\t\t<\/div>\n\t\t\t\t<\/div>\n\t\t\t\t<\/div>\n\t\t<div class=\"elementor-element elementor-element-6063a92 e-con-full e-flex e-con e-child\" data-id=\"6063a92\" data-element_type=\"container\" data-settings=\"{&quot;jet_parallax_layout_list&quot;:[]}\">\n\t\t\t\t<div class=\"elementor-element elementor-element-9b499f3 elementor-button-align-start elementor-widget elementor-widget-form\" data-id=\"9b499f3\" data-element_type=\"widget\" data-settings=\"{&quot;step_next_label&quot;:&quot;Suivant&quot;,&quot;step_previous_label&quot;:&quot;Pr\\u00e9c\\u00e9dent&quot;,&quot;button_width&quot;:&quot;100&quot;,&quot;step_type&quot;:&quot;number_text&quot;,&quot;step_icon_shape&quot;:&quot;circle&quot;}\" data-widget_type=\"form.default\">\n\t\t\t\t<div class=\"elementor-widget-container\">\n\t\t\t\t\t\t\t<form class=\"elementor-form\" method=\"post\" name=\"Formulaire de contact\" aria-label=\"Formulaire de contact\">\n\t\t\t<input type=\"hidden\" name=\"post_id\" value=\"62367\"\/>\n\t\t\t<input type=\"hidden\" name=\"form_id\" value=\"9b499f3\"\/>\n\t\t\t<input type=\"hidden\" name=\"referer_title\" value=\"Contactez Henri | Experts en s\u00e9curit\u00e9 au travail et en enqu\u00eates\" \/>\n\n\t\t\t\t\t\t\t<input type=\"hidden\" name=\"queried_id\" value=\"62367\"\/>\n\t\t\t\n\t\t\t<div class=\"elementor-form-fields-wrapper elementor-labels-above\">\n\t\t\t\t\t\t\t\t<div class=\"elementor-field-type-text elementor-field-group elementor-column elementor-field-group-field_1b006bb elementor-col-50\">\n\t\t\t\t\t\t\t\t\t\t\t\t<label for=\"form-field-field_1b006bb\" class=\"elementor-field-label\">\n\t\t\t\t\t\t\t\tPr\u00e9nom\t\t\t\t\t\t\t<\/label>\n\t\t\t\t\t\t\t\t\t\t\t\t\t\t<input size=\"1\" type=\"text\" name=\"form_fields[field_1b006bb]\" id=\"form-field-field_1b006bb\" class=\"elementor-field elementor-size-sm  elementor-field-textual\" placeholder=\"Entrez le pr\u00e9nom\">\n\t\t\t\t\t\t\t\t\t\t\t<\/div>\n\t\t\t\t\t\t\t\t<div class=\"elementor-field-type-text elementor-field-group elementor-column elementor-field-group-field_6a74e53 elementor-col-50\">\n\t\t\t\t\t\t\t\t\t\t\t\t<label for=\"form-field-field_6a74e53\" class=\"elementor-field-label\">\n\t\t\t\t\t\t\t\tNom de famille\t\t\t\t\t\t\t<\/label>\n\t\t\t\t\t\t\t\t\t\t\t\t\t\t<input size=\"1\" type=\"text\" name=\"form_fields[field_6a74e53]\" id=\"form-field-field_6a74e53\" class=\"elementor-field elementor-size-sm  elementor-field-textual\" placeholder=\"Entrez le nom de famille\">\n\t\t\t\t\t\t\t\t\t\t\t<\/div>\n\t\t\t\t\t\t\t\t<div class=\"elementor-field-type-email elementor-field-group elementor-column elementor-field-group-email elementor-col-50 elementor-field-required\">\n\t\t\t\t\t\t\t\t\t\t\t\t<label for=\"form-field-email\" class=\"elementor-field-label\">\n\t\t\t\t\t\t\t\tCourriel\t\t\t\t\t\t\t<\/label>\n\t\t\t\t\t\t\t\t\t\t\t\t\t\t<input size=\"1\" type=\"email\" name=\"form_fields[email]\" id=\"form-field-email\" class=\"elementor-field elementor-size-sm  elementor-field-textual\" placeholder=\"Entrez votre courriel\" required=\"required\">\n\t\t\t\t\t\t\t\t\t\t\t<\/div>\n\t\t\t\t\t\t\t\t<div class=\"elementor-field-type-tel elementor-field-group elementor-column elementor-field-group-field_454ffc5 elementor-col-50\">\n\t\t\t\t\t\t\t\t\t\t\t\t<label for=\"form-field-field_454ffc5\" class=\"elementor-field-label\">\n\t\t\t\t\t\t\t\tT\u00e9l\u00e9phone\t\t\t\t\t\t\t<\/label>\n\t\t\t\t\t\t\t\t<input size=\"1\" type=\"tel\" name=\"form_fields[field_454ffc5]\" id=\"form-field-field_454ffc5\" class=\"elementor-field elementor-size-sm  elementor-field-textual\" placeholder=\"Entrez votre t\u00e9l\u00e9phone\" pattern=\"[0-9()#&amp;+*-=.]+\" title=\"Seuls les caract\u00e8res de num\u00e9ros de t\u00e9l\u00e9phone (#, -, *, etc.) sont accept\u00e9s.\">\n\n\t\t\t\t\t\t<\/div>\n\t\t\t\t\t\t\t\t<div class=\"elementor-field-type-select elementor-field-group elementor-column elementor-field-group-field_d9c5c4e elementor-col-100\">\n\t\t\t\t\t\t\t\t\t\t\t\t<label for=\"form-field-field_d9c5c4e\" class=\"elementor-field-label\">\n\t\t\t\t\t\t\t\tS\u00e9lectionnez un service\t\t\t\t\t\t\t<\/label>\n\t\t\t\t\t\t\t\t<div class=\"elementor-field elementor-select-wrapper remove-before \">\n\t\t\t<div class=\"select-caret-down-wrapper\">\n\t\t\t\t<i aria-hidden=\"true\" class=\"eicon-caret-down\"><\/i>\t\t\t<\/div>\n\t\t\t<select name=\"form_fields[field_d9c5c4e]\" id=\"form-field-field_d9c5c4e\" class=\"elementor-field-textual elementor-size-sm\">\n\t\t\t\t\t\t\t\t\t<option value=\"\">S\u00e9lectionnez un service <\/option>\n\t\t\t\t\t\t\t\t\t<option value=\" Enqu\u00eate administrative\"> Enqu\u00eate administrative<\/option>\n\t\t\t\t\t\t\t\t\t<option value=\" \u00c9valuations en milieu de travail\"> \u00c9valuations en milieu de travail<\/option>\n\t\t\t\t\t\t\t\t\t<option value=\" Consultant\"> Consultant<\/option>\n\t\t\t\t\t\t\t\t\t<option value=\" Autre\"> Autre<\/option>\n\t\t\t\t\t\t\t<\/select>\n\t\t<\/div>\n\t\t\t\t\t\t<\/div>\n\t\t\t\t\t\t\t\t<div class=\"elementor-field-type-textarea elementor-field-group elementor-column elementor-field-group-field_c8fc8ca elementor-col-100\">\n\t\t\t\t\t\t\t\t\t\t\t\t<label for=\"form-field-field_c8fc8ca\" class=\"elementor-field-label\">\n\t\t\t\t\t\t\t\tD\u00e9tails suppl\u00e9mentaires\t\t\t\t\t\t\t<\/label>\n\t\t\t\t\t\t<textarea class=\"elementor-field-textual elementor-field  elementor-size-sm\" name=\"form_fields[field_c8fc8ca]\" id=\"form-field-field_c8fc8ca\" rows=\"4\"><\/textarea>\t\t\t\t<\/div>\n\t\t\t\t\t\t\t\t<div class=\"elementor-field-group elementor-column elementor-field-type-submit elementor-col-100 e-form__buttons\">\n\t\t\t\t\t<button class=\"elementor-button elementor-size-sm\" type=\"submit\">\n\t\t\t\t\t\t<span class=\"elementor-button-content-wrapper\">\n\t\t\t\t\t\t\t\t\t\t\t\t\t\t\t\t\t\t\t\t\t\t<span class=\"elementor-button-text\">Submit<\/span>\n\t\t\t\t\t\t\t\t\t\t\t\t\t<\/span>\n\t\t\t\t\t<\/button>\n\t\t\t\t<\/div>\n\t\t\t<\/div>\n\t\t<\/form>\n\t\t\t\t\t\t<\/div>\n\t\t\t\t<\/div>\n\t\t\t\t<\/div>\n\t\t\t\t\t<\/div>\n\t\t\t\t<\/div>\n\t\t\t\t<\/div>\n\t\t","protected":false},"excerpt":{"rendered":"<p>Contactez-nous Veuillez ne pas transmettre d&rsquo;informations confidentielles dans ce message. Notre \u00e9quipe vous contactera pour planifier un appel t\u00e9l\u00e9phonique ou une r\u00e9union si des informations personnelles ou confidentielles sont n\u00e9cessaires pour vous r\u00e9pondre de mani\u00e8re ad\u00e9quate. henriinvestigations@gmail.com 613-224-4228 86, promenade Centrepointe Ottawa (Ontario) K2G 6B1<\/p>\n","protected":false},"author":3,"featured_media":0,"parent":0,"menu_order":0,"comment_status":"closed","ping_status":"closed","template":"","meta":{"footnotes":""},"class_list":["post-62367","page","type-page","status-publish","hentry"],"_links":{"self":[{"href":"https:\/\/henriinvestigations.com\/fr\/wp-json\/wp\/v2\/pages\/62367","targetHints":{"allow":["GET"]}}],"collection":[{"href":"https:\/\/henriinvestigations.com\/fr\/wp-json\/wp\/v2\/pages"}],"about":[{"href":"https:\/\/henriinvestigations.com\/fr\/wp-json\/wp\/v2\/types\/page"}],"author":[{"embeddable":true,"href":"https:\/\/henriinvestigations.com\/fr\/wp-json\/wp\/v2\/users\/3"}],"replies":[{"embeddable":true,"href":"https:\/\/henriinvestigations.com\/fr\/wp-json\/wp\/v2\/comments?post=62367"}],"version-history":[{"count":10,"href":"https:\/\/henriinvestigations.com\/fr\/wp-json\/wp\/v2\/pages\/62367\/revisions"}],"predecessor-version":[{"id":62585,"href":"https:\/\/henriinvestigations.com\/fr\/wp-json\/wp\/v2\/pages\/62367\/revisions\/62585"}],"wp:attachment":[{"href":"https:\/\/henriinvestigations.com\/fr\/wp-json\/wp\/v2\/media?parent=62367"}],"curies":[{"name":"wp","href":"https:\/\/api.w.org\/{rel}","templated":true}]}}